{"id":20,"date":"2022-05-17T20:14:05","date_gmt":"2022-05-17T20:14:05","guid":{"rendered":"http:\/\/noktasiteyonetimi.com\/?page_id=20"},"modified":"2022-05-18T04:56:24","modified_gmt":"2022-05-18T04:56:24","slug":"blog","status":"publish","type":"page","link":"http:\/\/noktasiteyonetimi.com\/index.php\/blog\/","title":{"rendered":"Blog"},"content":{"rendered":"","protected":false},"excerpt":{"rendered":"","protected":false},"author":1,"featured_media":0,"parent":0,"menu_order":0,"comment_status":"closed","ping_status":"closed","template":"","meta":{"footnotes":""},"class_list":["post-20","page","type-page","status-publish","hentry"],"yoast_head":"<!-- This site is optimized with the Yoast SEO plugin v18.9 - https:\/\/yoast.com\/wordpress\/plugins\/seo\/ -->\r\n<title>Blog - NOKTA S\u0130TE Y\u00d6NET\u0130M\u0130<\/title>\r\n<meta name=\"robots\" content=\"index, follow, max-snippet:-1, max-image-preview:large, max-video-preview:-1\" \/>\r\n<link rel=\"canonical\" href=\"http:\/\/noktasiteyonetimi.com\/index.php\/blog\/\" \/>\r\n<meta property=\"og:locale\" content=\"tr_TR\" \/>\r\n<meta property=\"og:type\" content=\"article\" \/>\r\n<meta property=\"og:title\" content=\"Blog - NOKTA S\u0130TE Y\u00d6NET\u0130M\u0130\" \/>\r\n<meta property=\"og:url\" content=\"http:\/\/noktasiteyonetimi.com\/index.php\/blog\/\" \/>\r\n<meta property=\"og:site_name\" content=\"NOKTA S\u0130TE Y\u00d6NET\u0130M\u0130\" \/>\r\n<meta property=\"article:modified_time\" content=\"2022-05-18T04:56:24+00:00\" \/>\r\n<meta name=\"twitter:card\" content=\"summary_large_image\" \/>\r\n<script type=\"application\/ld+json\" class=\"yoast-schema-graph\">{\"@context\":\"https:\/\/schema.org\",\"@graph\":[{\"@type\":\"WebSite\",\"@id\":\"http:\/\/noktasiteyonetimi.com\/#website\",\"url\":\"http:\/\/noktasiteyonetimi.com\/\",\"name\":\"NOKTA S\u0130TE Y\u00d6NET\u0130M\u0130\",\"description\":\"Biz y\u00f6netelim, siz rahat ya\u015fay\u0131n.\",\"potentialAction\":[{\"@type\":\"SearchAction\",\"target\":{\"@type\":\"EntryPoint\",\"urlTemplate\":\"http:\/\/noktasiteyonetimi.com\/?s={search_term_string}\"},\"query-input\":\"required name=search_term_string\"}],\"inLanguage\":\"tr\"},{\"@type\":\"WebPage\",\"@id\":\"http:\/\/noktasiteyonetimi.com\/index.php\/blog\/#webpage\",\"url\":\"http:\/\/noktasiteyonetimi.com\/index.php\/blog\/\",\"name\":\"Blog - NOKTA S\u0130TE Y\u00d6NET\u0130M\u0130\",\"isPartOf\":{\"@id\":\"http:\/\/noktasiteyonetimi.com\/#website\"},\"datePublished\":\"2022-05-17T20:14:05+00:00\",\"dateModified\":\"2022-05-18T04:56:24+00:00\",\"breadcrumb\":{\"@id\":\"http:\/\/noktasiteyonetimi.com\/index.php\/blog\/#breadcrumb\"},\"inLanguage\":\"tr\",\"potentialAction\":[{\"@type\":\"ReadAction\",\"target\":[\"http:\/\/noktasiteyonetimi.com\/index.php\/blog\/\"]}]},{\"@type\":\"BreadcrumbList\",\"@id\":\"http:\/\/noktasiteyonetimi.com\/index.php\/blog\/#breadcrumb\",\"itemListElement\":[{\"@type\":\"ListItem\",\"position\":1,\"name\":\"Anasayfa\",\"item\":\"http:\/\/noktasiteyonetimi.com\/\"},{\"@type\":\"ListItem\",\"position\":2,\"name\":\"Blog\"}]}]}<\/script>\r\n<!-- \/ Yoast SEO plugin. -->","yoast_head_json":{"title":"Blog - NOKTA S\u0130TE Y\u00d6NET\u0130M\u0130","robots":{"index":"index","follow":"follow","max-snippet":"max-snippet:-1","max-image-preview":"max-image-preview:large","max-video-preview":"max-video-preview:-1"},"canonical":"http:\/\/noktasiteyonetimi.com\/index.php\/blog\/","og_locale":"tr_TR","og_type":"article","og_title":"Blog - NOKTA S\u0130TE Y\u00d6NET\u0130M\u0130","og_url":"http:\/\/noktasiteyonetimi.com\/index.php\/blog\/","og_site_name":"NOKTA S\u0130TE Y\u00d6NET\u0130M\u0130","article_modified_time":"2022-05-18T04:56:24+00:00","twitter_card":"summary_large_image","schema":{"@context":"https:\/\/schema.org","@graph":[{"@type":"WebSite","@id":"http:\/\/noktasiteyonetimi.com\/#website","url":"http:\/\/noktasiteyonetimi.com\/","name":"NOKTA S\u0130TE Y\u00d6NET\u0130M\u0130","description":"Biz y\u00f6netelim, siz rahat ya\u015fay\u0131n.","potentialAction":[{"@type":"SearchAction","target":{"@type":"EntryPoint","urlTemplate":"http:\/\/noktasiteyonetimi.com\/?s={search_term_string}"},"query-input":"required name=search_term_string"}],"inLanguage":"tr"},{"@type":"WebPage","@id":"http:\/\/noktasiteyonetimi.com\/index.php\/blog\/#webpage","url":"http:\/\/noktasiteyonetimi.com\/index.php\/blog\/","name":"Blog - NOKTA S\u0130TE Y\u00d6NET\u0130M\u0130","isPartOf":{"@id":"http:\/\/noktasiteyonetimi.com\/#website"},"datePublished":"2022-05-17T20:14:05+00:00","dateModified":"2022-05-18T04:56:24+00:00","breadcrumb":{"@id":"http:\/\/noktasiteyonetimi.com\/index.php\/blog\/#breadcrumb"},"inLanguage":"tr","potentialAction":[{"@type":"ReadAction","target":["http:\/\/noktasiteyonetimi.com\/index.php\/blog\/"]}]},{"@type":"BreadcrumbList","@id":"http:\/\/noktasiteyonetimi.com\/index.php\/blog\/#breadcrumb","itemListElement":[{"@type":"ListItem","position":1,"name":"Anasayfa","item":"http:\/\/noktasiteyonetimi.com\/"},{"@type":"ListItem","position":2,"name":"Blog"}]}]}},"_links":{"self":[{"href":"http:\/\/noktasiteyonetimi.com\/index.php\/wp-json\/wp\/v2\/pages\/20","targetHints":{"allow":["GET"]}}],"collection":[{"href":"http:\/\/noktasiteyonetimi.com\/index.php\/wp-json\/wp\/v2\/pages"}],"about":[{"href":"http:\/\/noktasiteyonetimi.com\/index.php\/wp-json\/wp\/v2\/types\/page"}],"author":[{"embeddable":true,"href":"http:\/\/noktasiteyonetimi.com\/index.php\/wp-json\/wp\/v2\/users\/1"}],"replies":[{"embeddable":true,"href":"http:\/\/noktasiteyonetimi.com\/index.php\/wp-json\/wp\/v2\/comments?post=20"}],"version-history":[{"count":1,"href":"http:\/\/noktasiteyonetimi.com\/index.php\/wp-json\/wp\/v2\/pages\/20\/revisions"}],"predecessor-version":[{"id":26,"href":"http:\/\/noktasiteyonetimi.com\/index.php\/wp-json\/wp\/v2\/pages\/20\/revisions\/26"}],"wp:attachment":[{"href":"http:\/\/noktasiteyonetimi.com\/index.php\/wp-json\/wp\/v2\/media?parent=20"}],"curies":[{"name":"wp","href":"https:\/\/api.w.org\/{rel}","templated":true}]}}