{"id":18,"date":"2022-05-17T20:14:05","date_gmt":"2022-05-17T20:14:05","guid":{"rendered":"http:\/\/noktasiteyonetimi.com\/?page_id=18"},"modified":"2022-06-06T10:23:52","modified_gmt":"2022-06-06T10:23:52","slug":"hakkimizda","status":"publish","type":"page","link":"http:\/\/noktasiteyonetimi.com\/index.php\/hakkimizda\/","title":{"rendered":"Hakk\u0131m\u0131zda"},"content":{"rendered":"<p>Daha iyi bir ya\u015fam i\u00e7in hayallerinizi de\u011fil, vizyonlar\u0131n\u0131z\u0131 bilelim.<\/p>\n<p>Apartman, site ya da i\u015f merkezleri gibi alanlarda \u00f6zellikle aidat tahsilat\u0131 gibi bir\u00e7ok soruna neden olan ve kat sakinleri aras\u0131ndaki ili\u015fkileri zedeleme durumuna gelen y\u00f6neticilik, taraf\u0131m\u0131zdan profesyonel ve tarafs\u0131z bir anlay\u0131\u015f ile yap\u0131lmaktad\u0131r. Bu hizmetimiz apartman, site ya da i\u015f merkezlerinin kirac\u0131 ya da malikleri aras\u0131ndaki sorunlar\u0131 en aza indirgemektedir.<\/p>\n<p>Ankara\u2019da profesyonel site y\u00f6netim firmas\u0131 olan NOKTA S\u0130TE Y\u00d6NET\u0130M\u0130\u00a0 firmas\u0131 30 y\u0131l\u0131 a\u015fk\u0131n tecr\u00fcbemiz ve deneyimimiz ile hizmet vermekteyiz.<\/p>\n<p>Apartman &#8211; Site y\u00f6netimi\u00a0<\/p>\n<ul>\n<li>Zaman Gerektirir.<\/li>\n<li>Sorumluluk ister.<\/li>\n<li>Takip ve kontrol gerektirir.<\/li>\n<li>Titizlik gerektirir,<\/li>\n<li>Bilgi ve Birikim gerekir.<\/li>\n<\/ul>\n<p>Deneyim ister, Tecr\u00fcbe<img loading=\"lazy\" decoding=\"async\" class=\"size-full wp-image-149 alignright\" src=\"http:\/\/noktasiteyonetimi.com\/wp-content\/uploads\/2022\/05\/1-300x300-1.jpg\" alt=\"\" width=\"300\" height=\"300\" srcset=\"http:\/\/noktasiteyonetimi.com\/wp-content\/uploads\/2022\/05\/1-300x300-1.jpg 300w, http:\/\/noktasiteyonetimi.com\/wp-content\/uploads\/2022\/05\/1-300x300-1-150x150.jpg 150w, http:\/\/noktasiteyonetimi.com\/wp-content\/uploads\/2022\/05\/1-300x300-1-64x64.jpg 64w\" sizes=\"auto, (max-width: 300px) 100vw, 300px\" \/><\/p>\n<ul>\n<li>Mevzuat uyum gerektirir.<\/li>\n<\/ul>\n<p><strong>NOKTA S\u0130TE Y\u00d6NET\u0130M\u0130 tercih etti\u011finiz anda:<\/strong><\/p>\n<ul>\n<li>Sitenizin veya \u0130\u015f merkezinin masraflar\u0131n\u0131 dairelere\/ d\u00fckkanlara nas\u0131l payla\u015ft\u0131r\u0131laca\u011f\u0131m diye d\u00fc\u015f\u00fcnmeyeceksiniz,<\/li>\n<li>Aidat da\u011f\u0131l\u0131m\u0131 gibi sorunlarla u\u011fra\u015fmayacaks\u0131n\u0131z,<\/li>\n<li>Harcama kalemlerini nas\u0131l tespit ederim diye d\u00fc\u015f\u00fcnmeyeceksiniz.<\/li>\n<li>Dairelere yapt\u0131klar\u0131 \u00f6demeler i\u00e7in tek tek makbuz yazmayarak, bunu i\u015fletme defterine nas\u0131l i\u015fleyece\u011fim diye d\u00fc\u015f\u00fcnmeyeceksiniz,<\/li>\n<li>Ayl\u0131k SSK bildirgelerini haz\u0131rlamakla u\u011fra\u015fmayacaks\u0131n\u0131z,<\/li>\n<li>Site ve \u0130\u015f Merkezi hizmet g\u00f6revlilerinin i\u015f giri\u015f ve \u00e7\u0131k\u0131\u015flar\u0131nda verilecek resmi evraklar\u0131 tanzim etmekle u\u011fra\u015fmayacaks\u0131n\u0131z.<\/li>\n<li>Y\u0131ll\u0131k Ola\u011fan ya da Ola\u011fan\u00fcst\u00fc toplant\u0131lar\u0131n\u0131n usul\u00fcne uygun yap\u0131lmas\u0131 ve al\u0131nan kararlar\u0131n kanun kar\u015f\u0131s\u0131nda dayanaklara dayanmas\u0131 konusunda bir ku\u015fkunuz kalmayacak<\/li>\n<\/ul>\n<p><span style=\"color: #000000;\">Nokta Site Y\u00f6netimi olarak bu i\u015flerin sizin yerine yapaca\u011f\u0131m\u0131z gibi, sizler sitenizde G\u00dcVEN VE HUZUR \u0130\u00c7ER\u0130S\u0130NDE KOM\u015eULARINIZLA DOST OLACAKSINIZ, BIRAKIN B\u0130Z Y\u00d6NETEL\u0130M.<\/span><\/p>\n","protected":false},"excerpt":{"rendered":"<p>Daha iyi bir ya\u015fam i\u00e7in hayallerinizi de\u011fil, vizyonlar\u0131n\u0131z\u0131 bilelim. Apartman, site ya da i\u015f merkezleri gibi alanlarda \u00f6zellikle aidat tahsilat\u0131 gibi bir\u00e7ok soruna neden olan ve kat sakinleri aras\u0131ndaki ili\u015fkileri [&hellip;]<\/p>\n","protected":false},"author":1,"featured_media":0,"parent":0,"menu_order":0,"comment_status":"closed","ping_status":"closed","template":"","meta":{"footnotes":""},"class_list":["post-18","page","type-page","status-publish","hentry"],"yoast_head":"<!-- This site is optimized with the Yoast SEO plugin v18.9 - https:\/\/yoast.com\/wordpress\/plugins\/seo\/ -->\r\n<title>Hakk\u0131m\u0131zda - NOKTA S\u0130TE Y\u00d6NET\u0130M\u0130<\/title>\r\n<meta name=\"robots\" content=\"index, follow, max-snippet:-1, max-image-preview:large, max-video-preview:-1\" \/>\r\n<link rel=\"canonical\" href=\"http:\/\/noktasiteyonetimi.com\/index.php\/hakkimizda\/\" \/>\r\n<meta property=\"og:locale\" content=\"tr_TR\" \/>\r\n<meta property=\"og:type\" content=\"article\" \/>\r\n<meta property=\"og:title\" content=\"Hakk\u0131m\u0131zda - NOKTA S\u0130TE Y\u00d6NET\u0130M\u0130\" \/>\r\n<meta property=\"og:description\" content=\"Daha iyi bir ya\u015fam i\u00e7in hayallerinizi de\u011fil, vizyonlar\u0131n\u0131z\u0131 bilelim. Apartman, site ya da i\u015f merkezleri gibi alanlarda \u00f6zellikle aidat tahsilat\u0131 gibi bir\u00e7ok soruna neden olan ve kat sakinleri aras\u0131ndaki ili\u015fkileri [&hellip;]\" \/>\r\n<meta property=\"og:url\" content=\"http:\/\/noktasiteyonetimi.com\/index.php\/hakkimizda\/\" \/>\r\n<meta property=\"og:site_name\" content=\"NOKTA S\u0130TE Y\u00d6NET\u0130M\u0130\" \/>\r\n<meta property=\"article:modified_time\" content=\"2022-06-06T10:23:52+00:00\" \/>\r\n<meta property=\"og:image\" content=\"http:\/\/noktasiteyonetimi.com\/wp-content\/uploads\/2022\/05\/1-300x300-1.jpg\" \/>\r\n<meta name=\"twitter:card\" content=\"summary_large_image\" \/>\r\n<meta name=\"twitter:label1\" content=\"Tahmini okuma s\u00fcresi\" \/>\n\t<meta name=\"twitter:data1\" content=\"1 dakika\" \/>\r\n<script type=\"application\/ld+json\" class=\"yoast-schema-graph\">{\"@context\":\"https:\/\/schema.org\",\"@graph\":[{\"@type\":\"WebSite\",\"@id\":\"http:\/\/noktasiteyonetimi.com\/#website\",\"url\":\"http:\/\/noktasiteyonetimi.com\/\",\"name\":\"NOKTA S\u0130TE Y\u00d6NET\u0130M\u0130\",\"description\":\"Biz y\u00f6netelim, siz rahat ya\u015fay\u0131n.\",\"potentialAction\":[{\"@type\":\"SearchAction\",\"target\":{\"@type\":\"EntryPoint\",\"urlTemplate\":\"http:\/\/noktasiteyonetimi.com\/?s={search_term_string}\"},\"query-input\":\"required name=search_term_string\"}],\"inLanguage\":\"tr\"},{\"@type\":\"ImageObject\",\"inLanguage\":\"tr\",\"@id\":\"http:\/\/noktasiteyonetimi.com\/index.php\/hakkimizda\/#primaryimage\",\"url\":\"http:\/\/noktasiteyonetimi.com\/wp-content\/uploads\/2022\/05\/1-300x300-1.jpg\",\"contentUrl\":\"http:\/\/noktasiteyonetimi.com\/wp-content\/uploads\/2022\/05\/1-300x300-1.jpg\",\"width\":300,\"height\":300},{\"@type\":\"WebPage\",\"@id\":\"http:\/\/noktasiteyonetimi.com\/index.php\/hakkimizda\/#webpage\",\"url\":\"http:\/\/noktasiteyonetimi.com\/index.php\/hakkimizda\/\",\"name\":\"Hakk\u0131m\u0131zda - NOKTA S\u0130TE Y\u00d6NET\u0130M\u0130\",\"isPartOf\":{\"@id\":\"http:\/\/noktasiteyonetimi.com\/#website\"},\"primaryImageOfPage\":{\"@id\":\"http:\/\/noktasiteyonetimi.com\/index.php\/hakkimizda\/#primaryimage\"},\"datePublished\":\"2022-05-17T20:14:05+00:00\",\"dateModified\":\"2022-06-06T10:23:52+00:00\",\"breadcrumb\":{\"@id\":\"http:\/\/noktasiteyonetimi.com\/index.php\/hakkimizda\/#breadcrumb\"},\"inLanguage\":\"tr\",\"potentialAction\":[{\"@type\":\"ReadAction\",\"target\":[\"http:\/\/noktasiteyonetimi.com\/index.php\/hakkimizda\/\"]}]},{\"@type\":\"BreadcrumbList\",\"@id\":\"http:\/\/noktasiteyonetimi.com\/index.php\/hakkimizda\/#breadcrumb\",\"itemListElement\":[{\"@type\":\"ListItem\",\"position\":1,\"name\":\"Anasayfa\",\"item\":\"http:\/\/noktasiteyonetimi.com\/\"},{\"@type\":\"ListItem\",\"position\":2,\"name\":\"Hakk\u0131m\u0131zda\"}]}]}<\/script>\r\n<!-- \/ Yoast SEO plugin. -->","yoast_head_json":{"title":"Hakk\u0131m\u0131zda - NOKTA S\u0130TE Y\u00d6NET\u0130M\u0130","robots":{"index":"index","follow":"follow","max-snippet":"max-snippet:-1","max-image-preview":"max-image-preview:large","max-video-preview":"max-video-preview:-1"},"canonical":"http:\/\/noktasiteyonetimi.com\/index.php\/hakkimizda\/","og_locale":"tr_TR","og_type":"article","og_title":"Hakk\u0131m\u0131zda - NOKTA S\u0130TE Y\u00d6NET\u0130M\u0130","og_description":"Daha iyi bir ya\u015fam i\u00e7in hayallerinizi de\u011fil, vizyonlar\u0131n\u0131z\u0131 bilelim. Apartman, site ya da i\u015f merkezleri gibi alanlarda \u00f6zellikle aidat tahsilat\u0131 gibi bir\u00e7ok soruna neden olan ve kat sakinleri aras\u0131ndaki ili\u015fkileri [&hellip;]","og_url":"http:\/\/noktasiteyonetimi.com\/index.php\/hakkimizda\/","og_site_name":"NOKTA S\u0130TE Y\u00d6NET\u0130M\u0130","article_modified_time":"2022-06-06T10:23:52+00:00","og_image":[{"url":"http:\/\/noktasiteyonetimi.com\/wp-content\/uploads\/2022\/05\/1-300x300-1.jpg"}],"twitter_card":"summary_large_image","twitter_misc":{"Tahmini okuma s\u00fcresi":"1 dakika"},"schema":{"@context":"https:\/\/schema.org","@graph":[{"@type":"WebSite","@id":"http:\/\/noktasiteyonetimi.com\/#website","url":"http:\/\/noktasiteyonetimi.com\/","name":"NOKTA S\u0130TE Y\u00d6NET\u0130M\u0130","description":"Biz y\u00f6netelim, siz rahat ya\u015fay\u0131n.","potentialAction":[{"@type":"SearchAction","target":{"@type":"EntryPoint","urlTemplate":"http:\/\/noktasiteyonetimi.com\/?s={search_term_string}"},"query-input":"required name=search_term_string"}],"inLanguage":"tr"},{"@type":"ImageObject","inLanguage":"tr","@id":"http:\/\/noktasiteyonetimi.com\/index.php\/hakkimizda\/#primaryimage","url":"http:\/\/noktasiteyonetimi.com\/wp-content\/uploads\/2022\/05\/1-300x300-1.jpg","contentUrl":"http:\/\/noktasiteyonetimi.com\/wp-content\/uploads\/2022\/05\/1-300x300-1.jpg","width":300,"height":300},{"@type":"WebPage","@id":"http:\/\/noktasiteyonetimi.com\/index.php\/hakkimizda\/#webpage","url":"http:\/\/noktasiteyonetimi.com\/index.php\/hakkimizda\/","name":"Hakk\u0131m\u0131zda - NOKTA S\u0130TE Y\u00d6NET\u0130M\u0130","isPartOf":{"@id":"http:\/\/noktasiteyonetimi.com\/#website"},"primaryImageOfPage":{"@id":"http:\/\/noktasiteyonetimi.com\/index.php\/hakkimizda\/#primaryimage"},"datePublished":"2022-05-17T20:14:05+00:00","dateModified":"2022-06-06T10:23:52+00:00","breadcrumb":{"@id":"http:\/\/noktasiteyonetimi.com\/index.php\/hakkimizda\/#breadcrumb"},"inLanguage":"tr","potentialAction":[{"@type":"ReadAction","target":["http:\/\/noktasiteyonetimi.com\/index.php\/hakkimizda\/"]}]},{"@type":"BreadcrumbList","@id":"http:\/\/noktasiteyonetimi.com\/index.php\/hakkimizda\/#breadcrumb","itemListElement":[{"@type":"ListItem","position":1,"name":"Anasayfa","item":"http:\/\/noktasiteyonetimi.com\/"},{"@type":"ListItem","position":2,"name":"Hakk\u0131m\u0131zda"}]}]}},"_links":{"self":[{"href":"http:\/\/noktasiteyonetimi.com\/index.php\/wp-json\/wp\/v2\/pages\/18","targetHints":{"allow":["GET"]}}],"collection":[{"href":"http:\/\/noktasiteyonetimi.com\/index.php\/wp-json\/wp\/v2\/pages"}],"about":[{"href":"http:\/\/noktasiteyonetimi.com\/index.php\/wp-json\/wp\/v2\/types\/page"}],"author":[{"embeddable":true,"href":"http:\/\/noktasiteyonetimi.com\/index.php\/wp-json\/wp\/v2\/users\/1"}],"replies":[{"embeddable":true,"href":"http:\/\/noktasiteyonetimi.com\/index.php\/wp-json\/wp\/v2\/comments?post=18"}],"version-history":[{"count":3,"href":"http:\/\/noktasiteyonetimi.com\/index.php\/wp-json\/wp\/v2\/pages\/18\/revisions"}],"predecessor-version":[{"id":167,"href":"http:\/\/noktasiteyonetimi.com\/index.php\/wp-json\/wp\/v2\/pages\/18\/revisions\/167"}],"wp:attachment":[{"href":"http:\/\/noktasiteyonetimi.com\/index.php\/wp-json\/wp\/v2\/media?parent=18"}],"curies":[{"name":"wp","href":"https:\/\/api.w.org\/{rel}","templated":true}]}}