{"id":142,"date":"2022-05-18T07:33:06","date_gmt":"2022-05-18T07:33:06","guid":{"rendered":"http:\/\/noktasiteyonetimi.com\/?page_id=142"},"modified":"2022-05-18T07:33:06","modified_gmt":"2022-05-18T07:33:06","slug":"hizmetlerimiz","status":"publish","type":"page","link":"http:\/\/noktasiteyonetimi.com\/index.php\/hizmetlerimiz\/","title":{"rendered":"H\u0130ZMETLER\u0130M\u0130Z"},"content":{"rendered":"<p style=\"text-align: center;\"><span style=\"color: #0000ff;\">RAPORLAMAYA Y\u00d6NEL\u0130K \u00c7ALI\u015eMALAR<\/span><\/p>\n<p><img loading=\"lazy\" decoding=\"async\" class=\"size-medium wp-image-54\" src=\"http:\/\/noktasiteyonetimi.com\/wp-content\/uploads\/2022\/05\/istockphoto-1048171298-1024x1024-1-300x193.jpg\" alt=\"\" width=\"300\" height=\"193\" srcset=\"http:\/\/noktasiteyonetimi.com\/wp-content\/uploads\/2022\/05\/istockphoto-1048171298-1024x1024-1-300x193.jpg 300w, http:\/\/noktasiteyonetimi.com\/wp-content\/uploads\/2022\/05\/istockphoto-1048171298-1024x1024-1-768x494.jpg 768w, http:\/\/noktasiteyonetimi.com\/wp-content\/uploads\/2022\/05\/istockphoto-1048171298-1024x1024-1.jpg 1024w\" sizes=\"auto, (max-width: 300px) 100vw, 300px\" \/><\/p>\n<ul>\n<li>Sade Grafik ve \u00d6zet ekranlar sayesinde finansal durumu net olarak g\u00f6rme<\/li>\n<li>\u0130htiya\u00e7 duyulan t\u00fcm muhasebe d\u00f6k\u00fcmlerine kolayca ula\u015fma<\/li>\n<li>Se\u00e7ilen parametreler do\u011frultusunda farkl\u0131 raporlar haz\u0131rlama<\/li>\n<li>Evrak d\u00f6k\u00fcmlerini tasarlama<\/li>\n<li>Raporlar\u0131 istenilen formatta ve filtrede kaydederek \u00e7\u0131kt\u0131s\u0131n\u0131 alma<\/li>\n<li>Devir- bor\u00e7 giri\u015fleriyle site sakinlerinin bakiye bilgilerini kaydetme<\/li>\n<li>Ki\u015fi, kasa ve Cari hesap ekstreleri olu\u015fturma<\/li>\n<li>Resmi muhasebe standartlar\u0131nda raporlama<\/li>\n<\/ul>\n<p>&nbsp;<\/p>\n<p style=\"text-align: center;\"><span style=\"color: #0000ff;\">A\u0130DATLARA Y\u00d6NEL\u0130K \u00c7ALI\u015eMALAR<\/span><\/p>\n<ul>\n<li>\u0130\u015fletme projesi olu\u015fturma<\/li>\n<li>\u0130\u015fletme projesi planlanan ve ger\u00e7ekle\u015fen durumu anl\u0131k izleme<\/li>\n<li>Otomatik olarak aidat da\u011f\u0131l\u0131m\u0131 yapma<\/li>\n<li>Belirlenen parametrelere g\u00f6re Gelir &#8211; Gider Da\u011f\u0131l\u0131m\u0131 yapma<\/li>\n<li>Saya\u00e7 okuma de\u011ferlerini girerek h\u0131zla fatura da\u011f\u0131l\u0131m\u0131 yapma<\/li>\n<li>Gecikme tazminatlar\u0131n\u0131 otomatik olarak hesaplama, bor\u00e7land\u0131rmalar\u0131 do\u011fru olarak yapma<\/li>\n<li>Kat maliki ve kirac\u0131y\u0131 ayr\u0131 takip edebilme<\/li>\n<li>Daire ve kategori detayl\u0131 takip yapma<\/li>\n<\/ul>\n<p>&nbsp;<\/p>\n<p style=\"text-align: center;\"><span style=\"color: #ff6600;\">TAHS\u0130LATA Y\u00d6NEL\u0130K \u00c7ALI\u015eMALAR<\/span><\/p>\n<ul>\n<li>Online banka entegrasyonlar\u0131 ile hesaptaki t\u00fcm hareketleri tek ekrandan g\u00f6rme, ger\u00e7ekle\u015fen \u00f6demeleri an\u0131nda onaylama<\/li>\n<li>ATS ( Aidat Tahsilat Sistemi) sayesinde bankalar\u0131n t\u00fcm \u00f6deme kanallar\u0131 \u00fczerinden bor\u00e7 sorgulama \u00f6deme ile e\u015f zamanl\u0131 olarak sisteme i\u015fleme, muhasebele\u015ftirme<\/li>\n<li><img loading=\"lazy\" decoding=\"async\" class=\"wp-image-143 aligncenter\" src=\"http:\/\/noktasiteyonetimi.com\/wp-content\/uploads\/2022\/05\/e-tahsilat-nedir-nasil-yapilir-1024x660-2-300x205.jpg\" alt=\"\" width=\"220\" height=\"150\" srcset=\"http:\/\/noktasiteyonetimi.com\/wp-content\/uploads\/2022\/05\/e-tahsilat-nedir-nasil-yapilir-1024x660-2-300x205.jpg 300w, http:\/\/noktasiteyonetimi.com\/wp-content\/uploads\/2022\/05\/e-tahsilat-nedir-nasil-yapilir-1024x660-2.jpg 365w\" sizes=\"auto, (max-width: 220px) 100vw, 220px\" \/>Site Sakinlerine, kredi kart\u0131yla online \u00f6demeye imkan tan\u0131yan, tek \u00e7ekim veya taksit se\u00e7ene\u011fi<\/li>\n<li>Sanal POS se\u00e7ene\u011fi sunma, \u00f6demelerin otomatik olarak hesaba aktar\u0131lmas\u0131<\/li>\n<li>Ekonomik olarak sorun ya\u015fan\u0131lan alacaklar i\u00e7in an\u0131nda icra takibi ba\u015flama<\/li>\n<li>\u0130cra s\u00fcre\u00e7lerinin ve tahsilatlar\u0131n anl\u0131k takibini yapma<\/li>\n<li>T\u00fcm platformlar i\u00e7in geli\u015ftirilen mobil uygulamalar sayesinde kullan\u0131c\u0131lara g\u00f6nderme ve an\u0131nda tahsilat imkan\u0131 sunma<\/li>\n<\/ul>\n<p>&nbsp;<\/p>\n<p style=\"text-align: center;\"><span style=\"color: #ff6600;\">TEMEL H\u0130ZMETLER\u0130NE Y\u00d6NEL\u0130K \u00c7ALI\u015eMALAR<\/span><\/p>\n<ul>\n<li>S\u0131n\u0131rs\u0131z say\u0131da ada, blok, daire tipi ve grubu olu\u015fturma ( B\u00fct\u00fcn Kay\u0131tlarda kay\u0131t s\u0131n\u0131r\u0131 yok)<\/li>\n<li>S\u0131n\u0131rs\u0131z yetki grubu tan\u0131mlama<\/li>\n<li>Site Sakinlerini daireleriyle e\u015fle\u015ftirme ve site sakinlerine ait t\u00fcm bilgileri ki\u015fi kartlar\u0131na ekleme<\/li>\n<li>Kay\u0131tlara istenilen t\u00fcm d\u00f6k\u00fcmanlar\u0131 ekleme<\/li>\n<li>Kolay kullan\u0131m \u00f6zelli\u011fine sahip olma<\/li>\n<li>ISO 27001 Sertifikal\u0131, g\u00fcvenli alt yap\u0131yla \u00e7al\u0131\u015fma<img loading=\"lazy\" decoding=\"async\" class=\"size-medium wp-image-145 alignright\" src=\"http:\/\/noktasiteyonetimi.com\/wp-content\/uploads\/2022\/05\/istanbul-kalekent-kampanyasi-300x166.jpg\" alt=\"\" width=\"300\" height=\"166\" srcset=\"http:\/\/noktasiteyonetimi.com\/wp-content\/uploads\/2022\/05\/istanbul-kalekent-kampanyasi-300x166.jpg 300w, http:\/\/noktasiteyonetimi.com\/wp-content\/uploads\/2022\/05\/istanbul-kalekent-kampanyasi.jpg 630w\" sizes=\"auto, (max-width: 300px) 100vw, 300px\" \/><\/li>\n<li>Hazirun listesi ve adres etiketlerinin d\u00f6k\u00fcm\u00fc sayesinde toplant\u0131 haz\u0131rlar\u0131n\u0131 rahat\u00e7a ger\u00e7ekle\u015ftirme, toplant\u0131lar\u0131 ve al\u0131nan kararlar\u0131 kaydetme<\/li>\n<li>Birden fazla konut sahibi olan kat maliklerine tek hesapla t\u00fcm bilgilerini takip etme \u015fans\u0131 sunma<\/li>\n<li>Arama, fitreleme, Excel&#8217; e aktarabilme, verileri grublayabilme, g\u00fcncelleme yapabilme, t\u00fcm i\u015flemleri geriye d\u00f6n\u00fck olarak inceleme ve geri alabilme<\/li>\n<li>Sistemin yedekli \u00e7al\u0131\u015fmas\u0131n\u0131 sa\u011flama<\/li>\n<\/ul>\n<p style=\"text-align: center;\"><span style=\"color: #ff6600;\">TES\u0130S H\u0130ZMETLER\u0130NE Y\u00d6NEL\u0130K \u00c7ALI\u015eMALAR<\/span><\/p>\n<ul>\n<li>Demirba\u015f ve stok giri\u015f \u00e7\u0131k\u0131\u015flar\u0131n\u0131 ve envanter \u00fczerinden takiplerini sa\u011flama<\/li>\n<li>Asans\u00f6r ve siteye\/apartmana ait di\u011fer makinelerini tan\u0131mlama ve periyodik bak\u0131mlar\u0131n\u0131n yap\u0131m\u0131n\u0131n takibini sa\u011flama<\/li>\n<li>Tenis kortu, sauna havuz ve di\u011fer sosyal tesisleri tan\u0131mlayarak, site sakinlerinin rezervasyon takiplerini onaylama<\/li>\n<li>Site sakinlerinin gelen ve g\u00f6nderilen paket veya belgelerini kay\u0131t alt\u0131na alma ve ilgili ki\u015filer sistem \u00fczerinden bilgilendirme<\/li>\n<li>Site sakinleri taraf\u0131ndan talep eden i\u015flerin takibini yapma, konuyla ilgili g\u00f6rev atama ve ajanda belirleme,<\/li>\n<li>SMS ve e &#8211; posta ile bilgilendirme sa\u011flama ve tamamlanan i\u015flerin raporunu alma<\/li>\n<li>Uzaktan saya\u00e7 okuma ve \u0131s\u0131pay \u00f6l\u00e7er, s\u0131cak su ve so\u011fuk su gibi enerji gider payla\u015f\u0131mlar\u0131n\u0131 yapma ve faturaland\u0131rma<\/li>\n<\/ul>\n<p><img loading=\"lazy\" decoding=\"async\" class=\"wp-image-146 aligncenter\" src=\"http:\/\/noktasiteyonetimi.com\/wp-content\/uploads\/2022\/05\/h11-300x99.jpg\" alt=\"\" width=\"739\" height=\"244\" srcset=\"http:\/\/noktasiteyonetimi.com\/wp-content\/uploads\/2022\/05\/h11-300x99.jpg 300w, http:\/\/noktasiteyonetimi.com\/wp-content\/uploads\/2022\/05\/h11-1024x338.jpg 1024w, http:\/\/noktasiteyonetimi.com\/wp-content\/uploads\/2022\/05\/h11-768x254.jpg 768w, http:\/\/noktasiteyonetimi.com\/wp-content\/uploads\/2022\/05\/h11.jpg 1150w\" sizes=\"auto, (max-width: 739px) 100vw, 739px\" \/><\/p>\n<p style=\"text-align: center;\"><span style=\"color: #0000ff;\">G\u00dcVENL\u0130K H\u0130ZMETLER\u0130NE Y\u00d6NEL\u0130K \u00c7ALI\u015eMALAR<\/span><\/p>\n<ul>\n<li>Personel kart\u0131 olu\u015fturma ve detayl\u0131 bilgi girme, g\u00f6revlendirmelere uygun grup ve departmanlar olu\u015fturma<\/li>\n<li>Departmanlara \u00f6zel alanlar belirleyerek g\u00f6r\u00fcnt\u00fcleme ve alanlarda d\u00fczenleme sa\u011flama<\/li>\n<li>Yetkinlik izinleri ve IP s\u0131n\u0131rland\u0131rmalar\u0131 ile veri g\u00fcvenli\u011fini art\u0131rma<\/li>\n<li>Kolay puantaj hesab\u0131 puantaj kesinle\u015ftirme, bordro olu\u015fturma, maa\u015f \u00f6demelerini yapma<\/li>\n<li>Beyanname verilmesi ve personel i\u015fleri takibini ger\u00e7ekle\u015ftirme<\/li>\n<\/ul>\n<p style=\"text-align: center;\"><span style=\"color: #0000ff;\">PERSONEL H\u0130ZMETLER\u0130 TAK\u0130B\u0130<\/span><\/p>\n<ul>\n<li>Site sakinlerinin ve personelinin ara\u00e7lar\u0131n\u0131 otopark kullan\u0131m\u0131 i\u00e7in tan\u0131mlama<\/li>\n<li>Ge\u00e7i\u015f Takip Sistemi entegrasyonu sayesinde giri\u015f ve \u00e7\u0131k\u0131\u015flar\u0131 kolayl\u0131kla y\u00f6netme ve takip etme<\/li>\n<li>G\u00fcvenlik kameralar\u0131n\u0131 tan\u0131mlama, g\u00f6r\u00fcnt\u00fcleme ve y\u00f6netme<\/li>\n<li>Ki\u015filere \u00f6zel siteye giri\u015f &#8211; \u00e7\u0131k\u0131\u015f saatleri d\u00fczenleme<\/li>\n<li>Ziyaret\u00e7i takip ve y\u00f6netimini sa\u011flama<\/li>\n<\/ul>\n<p style=\"text-align: center;\"><span style=\"color: #0000ff;\">S\u0130TE SAK\u0130NLER\u0130YLE \u0130LET\u0130\u015e\u0130M H\u0130ZMETLER\u0130<\/span><\/p>\n<ul>\n<li>Haz\u0131r veya \u00f6zel \u015fablonlarla ki\u015fiye \u00f6zel SMS ve e &#8211; posta bildirimleri olu\u015fturma, toplu olarak veya tek tek g\u00f6nderim yapma,<\/li>\n<li>G\u00f6nderilen e- posta ve SMS &#8216; lerin iletim raporlar\u0131n\u0131 alma<\/li>\n<li>Otomatik bildirim yapabilme ( Do\u011fum g\u00fcn\u00fc, bor\u00e7 hat\u0131rlama, i\u015f atama, rezervasyon durumu, anket, davetiye vs)<\/li>\n<li>Tan\u0131mlanacak alt alan ad\u0131na ya da siteye \u00f6zel alan ad\u0131yla eri\u015febilen ve kullan\u0131c\u0131s\u0131na g\u00f6re \u00f6zelle\u015ftirilebilen haz\u0131r ve sisteme entegre web sitesi olu\u015fturma<\/li>\n<li>Site sakinlerine y\u00f6nelik duyurular\u0131 web siteleri \u00fczerinden yapma<img loading=\"lazy\" decoding=\"async\" class=\"wp-image-149 alignleft\" src=\"http:\/\/noktasiteyonetimi.com\/wp-content\/uploads\/2022\/05\/1-300x300-1.jpg\" alt=\"\" width=\"202\" height=\"202\" srcset=\"http:\/\/noktasiteyonetimi.com\/wp-content\/uploads\/2022\/05\/1-300x300-1.jpg 300w, http:\/\/noktasiteyonetimi.com\/wp-content\/uploads\/2022\/05\/1-300x300-1-150x150.jpg 150w, http:\/\/noktasiteyonetimi.com\/wp-content\/uploads\/2022\/05\/1-300x300-1-64x64.jpg 64w\" sizes=\"auto, (max-width: 202px) 100vw, 202px\" \/><\/li>\n<li>Web sitesi \u00fczerinden site sakinleriyle mesajla\u015fma<\/li>\n<li>Haz\u0131rlanan anketler sayesinde site sakinlerinden bilgi alma, site sakinlerini y\u00f6netimle ilgili kararlara dahil etme<\/li>\n<li>Site sakinlerinin web sitesi \u00fczerinden i\u015f taleplerini giderme<\/li>\n<li>Entegre bulut \u00e7a\u011fr\u0131 merkezi hizmeti sayesinde site sakinleriyle h\u0131zl\u0131 ve g\u00fcvenli ileti\u015fimde bulunama, \u00e7a\u011fr\u0131 kay\u0131tlar\u0131n\u0131 dinleyebilme<\/li>\n<li>Web sitesinde yer alan forum arac\u0131l\u0131\u011f\u0131yla site i\u00e7 haberle\u015fme, foto\u011fraf alb\u00fcm\u00fc olu\u015fturma ve fikir al\u0131\u015fveri\u015fini sa\u011flama, sosyal bir sohbet ortam\u0131 olu\u015fturma<\/li>\n<li>Site sakinleriyle yap\u0131lan t\u00fcm ileti\u015fimleri tek bir ekrandan izleyebilme<\/li>\n<li>\u00c7oklu dil deste\u011fi sayesinde tercih edilen dilde web sitesi, SMS ve e- posta kullan\u0131m\u0131 sa\u011flama<\/li>\n<\/ul>\n<p>&nbsp;<\/p>\n","protected":false},"excerpt":{"rendered":"<p>RAPORLAMAYA Y\u00d6NEL\u0130K \u00c7ALI\u015eMALAR Sade Grafik ve \u00d6zet ekranlar sayesinde finansal durumu net olarak g\u00f6rme \u0130htiya\u00e7 duyulan t\u00fcm muhasebe d\u00f6k\u00fcmlerine kolayca ula\u015fma Se\u00e7ilen parametreler do\u011frultusunda farkl\u0131 raporlar haz\u0131rlama Evrak d\u00f6k\u00fcmlerini tasarlama [&hellip;]<\/p>\n","protected":false},"author":1,"featured_media":0,"parent":0,"menu_order":0,"comment_status":"closed","ping_status":"closed","template":"","meta":{"footnotes":""},"class_list":["post-142","page","type-page","status-publish","hentry"],"yoast_head":"<!-- This site is optimized with the Yoast SEO plugin v18.9 - https:\/\/yoast.com\/wordpress\/plugins\/seo\/ -->\r\n<title>H\u0130ZMETLER\u0130M\u0130Z - NOKTA S\u0130TE Y\u00d6NET\u0130M\u0130<\/title>\r\n<meta name=\"robots\" content=\"index, follow, max-snippet:-1, max-image-preview:large, max-video-preview:-1\" \/>\r\n<link rel=\"canonical\" href=\"http:\/\/noktasiteyonetimi.com\/index.php\/hizmetlerimiz\/\" \/>\r\n<meta property=\"og:locale\" content=\"tr_TR\" \/>\r\n<meta property=\"og:type\" content=\"article\" \/>\r\n<meta property=\"og:title\" content=\"H\u0130ZMETLER\u0130M\u0130Z - NOKTA S\u0130TE Y\u00d6NET\u0130M\u0130\" \/>\r\n<meta property=\"og:description\" content=\"RAPORLAMAYA Y\u00d6NEL\u0130K \u00c7ALI\u015eMALAR Sade Grafik ve \u00d6zet ekranlar sayesinde finansal durumu net olarak g\u00f6rme \u0130htiya\u00e7 duyulan t\u00fcm muhasebe d\u00f6k\u00fcmlerine kolayca ula\u015fma Se\u00e7ilen parametreler do\u011frultusunda farkl\u0131 raporlar haz\u0131rlama Evrak d\u00f6k\u00fcmlerini tasarlama [&hellip;]\" \/>\r\n<meta property=\"og:url\" content=\"http:\/\/noktasiteyonetimi.com\/index.php\/hizmetlerimiz\/\" \/>\r\n<meta property=\"og:site_name\" content=\"NOKTA S\u0130TE Y\u00d6NET\u0130M\u0130\" \/>\r\n<meta property=\"og:image\" content=\"http:\/\/noktasiteyonetimi.com\/wp-content\/uploads\/2022\/05\/istockphoto-1048171298-1024x1024-1-300x193.jpg\" \/>\r\n<meta name=\"twitter:card\" content=\"summary_large_image\" \/>\r\n<meta name=\"twitter:label1\" content=\"Tahmini okuma s\u00fcresi\" \/>\n\t<meta name=\"twitter:data1\" content=\"5 dakika\" \/>\r\n<script type=\"application\/ld+json\" class=\"yoast-schema-graph\">{\"@context\":\"https:\/\/schema.org\",\"@graph\":[{\"@type\":\"WebSite\",\"@id\":\"http:\/\/noktasiteyonetimi.com\/#website\",\"url\":\"http:\/\/noktasiteyonetimi.com\/\",\"name\":\"NOKTA S\u0130TE Y\u00d6NET\u0130M\u0130\",\"description\":\"Biz y\u00f6netelim, siz rahat ya\u015fay\u0131n.\",\"potentialAction\":[{\"@type\":\"SearchAction\",\"target\":{\"@type\":\"EntryPoint\",\"urlTemplate\":\"http:\/\/noktasiteyonetimi.com\/?s={search_term_string}\"},\"query-input\":\"required name=search_term_string\"}],\"inLanguage\":\"tr\"},{\"@type\":\"ImageObject\",\"inLanguage\":\"tr\",\"@id\":\"http:\/\/noktasiteyonetimi.com\/index.php\/hizmetlerimiz\/#primaryimage\",\"url\":\"http:\/\/noktasiteyonetimi.com\/wp-content\/uploads\/2022\/05\/istockphoto-1048171298-1024x1024-1.jpg\",\"contentUrl\":\"http:\/\/noktasiteyonetimi.com\/wp-content\/uploads\/2022\/05\/istockphoto-1048171298-1024x1024-1.jpg\",\"width\":1024,\"height\":659,\"caption\":\"Financial charts and graphs. 3d illustration\"},{\"@type\":\"WebPage\",\"@id\":\"http:\/\/noktasiteyonetimi.com\/index.php\/hizmetlerimiz\/#webpage\",\"url\":\"http:\/\/noktasiteyonetimi.com\/index.php\/hizmetlerimiz\/\",\"name\":\"H\u0130ZMETLER\u0130M\u0130Z - NOKTA S\u0130TE Y\u00d6NET\u0130M\u0130\",\"isPartOf\":{\"@id\":\"http:\/\/noktasiteyonetimi.com\/#website\"},\"primaryImageOfPage\":{\"@id\":\"http:\/\/noktasiteyonetimi.com\/index.php\/hizmetlerimiz\/#primaryimage\"},\"datePublished\":\"2022-05-18T07:33:06+00:00\",\"dateModified\":\"2022-05-18T07:33:06+00:00\",\"breadcrumb\":{\"@id\":\"http:\/\/noktasiteyonetimi.com\/index.php\/hizmetlerimiz\/#breadcrumb\"},\"inLanguage\":\"tr\",\"potentialAction\":[{\"@type\":\"ReadAction\",\"target\":[\"http:\/\/noktasiteyonetimi.com\/index.php\/hizmetlerimiz\/\"]}]},{\"@type\":\"BreadcrumbList\",\"@id\":\"http:\/\/noktasiteyonetimi.com\/index.php\/hizmetlerimiz\/#breadcrumb\",\"itemListElement\":[{\"@type\":\"ListItem\",\"position\":1,\"name\":\"Anasayfa\",\"item\":\"http:\/\/noktasiteyonetimi.com\/\"},{\"@type\":\"ListItem\",\"position\":2,\"name\":\"H\u0130ZMETLER\u0130M\u0130Z\"}]}]}<\/script>\r\n<!-- \/ Yoast SEO plugin. -->","yoast_head_json":{"title":"H\u0130ZMETLER\u0130M\u0130Z - NOKTA S\u0130TE Y\u00d6NET\u0130M\u0130","robots":{"index":"index","follow":"follow","max-snippet":"max-snippet:-1","max-image-preview":"max-image-preview:large","max-video-preview":"max-video-preview:-1"},"canonical":"http:\/\/noktasiteyonetimi.com\/index.php\/hizmetlerimiz\/","og_locale":"tr_TR","og_type":"article","og_title":"H\u0130ZMETLER\u0130M\u0130Z - NOKTA S\u0130TE Y\u00d6NET\u0130M\u0130","og_description":"RAPORLAMAYA Y\u00d6NEL\u0130K \u00c7ALI\u015eMALAR Sade Grafik ve \u00d6zet ekranlar sayesinde finansal durumu net olarak g\u00f6rme \u0130htiya\u00e7 duyulan t\u00fcm muhasebe d\u00f6k\u00fcmlerine kolayca ula\u015fma Se\u00e7ilen parametreler do\u011frultusunda farkl\u0131 raporlar haz\u0131rlama Evrak d\u00f6k\u00fcmlerini tasarlama [&hellip;]","og_url":"http:\/\/noktasiteyonetimi.com\/index.php\/hizmetlerimiz\/","og_site_name":"NOKTA S\u0130TE Y\u00d6NET\u0130M\u0130","og_image":[{"url":"http:\/\/noktasiteyonetimi.com\/wp-content\/uploads\/2022\/05\/istockphoto-1048171298-1024x1024-1-300x193.jpg"}],"twitter_card":"summary_large_image","twitter_misc":{"Tahmini okuma s\u00fcresi":"5 dakika"},"schema":{"@context":"https:\/\/schema.org","@graph":[{"@type":"WebSite","@id":"http:\/\/noktasiteyonetimi.com\/#website","url":"http:\/\/noktasiteyonetimi.com\/","name":"NOKTA S\u0130TE Y\u00d6NET\u0130M\u0130","description":"Biz y\u00f6netelim, siz rahat ya\u015fay\u0131n.","potentialAction":[{"@type":"SearchAction","target":{"@type":"EntryPoint","urlTemplate":"http:\/\/noktasiteyonetimi.com\/?s={search_term_string}"},"query-input":"required name=search_term_string"}],"inLanguage":"tr"},{"@type":"ImageObject","inLanguage":"tr","@id":"http:\/\/noktasiteyonetimi.com\/index.php\/hizmetlerimiz\/#primaryimage","url":"http:\/\/noktasiteyonetimi.com\/wp-content\/uploads\/2022\/05\/istockphoto-1048171298-1024x1024-1.jpg","contentUrl":"http:\/\/noktasiteyonetimi.com\/wp-content\/uploads\/2022\/05\/istockphoto-1048171298-1024x1024-1.jpg","width":1024,"height":659,"caption":"Financial charts and graphs. 3d illustration"},{"@type":"WebPage","@id":"http:\/\/noktasiteyonetimi.com\/index.php\/hizmetlerimiz\/#webpage","url":"http:\/\/noktasiteyonetimi.com\/index.php\/hizmetlerimiz\/","name":"H\u0130ZMETLER\u0130M\u0130Z - NOKTA S\u0130TE Y\u00d6NET\u0130M\u0130","isPartOf":{"@id":"http:\/\/noktasiteyonetimi.com\/#website"},"primaryImageOfPage":{"@id":"http:\/\/noktasiteyonetimi.com\/index.php\/hizmetlerimiz\/#primaryimage"},"datePublished":"2022-05-18T07:33:06+00:00","dateModified":"2022-05-18T07:33:06+00:00","breadcrumb":{"@id":"http:\/\/noktasiteyonetimi.com\/index.php\/hizmetlerimiz\/#breadcrumb"},"inLanguage":"tr","potentialAction":[{"@type":"ReadAction","target":["http:\/\/noktasiteyonetimi.com\/index.php\/hizmetlerimiz\/"]}]},{"@type":"BreadcrumbList","@id":"http:\/\/noktasiteyonetimi.com\/index.php\/hizmetlerimiz\/#breadcrumb","itemListElement":[{"@type":"ListItem","position":1,"name":"Anasayfa","item":"http:\/\/noktasiteyonetimi.com\/"},{"@type":"ListItem","position":2,"name":"H\u0130ZMETLER\u0130M\u0130Z"}]}]}},"_links":{"self":[{"href":"http:\/\/noktasiteyonetimi.com\/index.php\/wp-json\/wp\/v2\/pages\/142","targetHints":{"allow":["GET"]}}],"collection":[{"href":"http:\/\/noktasiteyonetimi.com\/index.php\/wp-json\/wp\/v2\/pages"}],"about":[{"href":"http:\/\/noktasiteyonetimi.com\/index.php\/wp-json\/wp\/v2\/types\/page"}],"author":[{"embeddable":true,"href":"http:\/\/noktasiteyonetimi.com\/index.php\/wp-json\/wp\/v2\/users\/1"}],"replies":[{"embeddable":true,"href":"http:\/\/noktasiteyonetimi.com\/index.php\/wp-json\/wp\/v2\/comments?post=142"}],"version-history":[{"count":4,"href":"http:\/\/noktasiteyonetimi.com\/index.php\/wp-json\/wp\/v2\/pages\/142\/revisions"}],"predecessor-version":[{"id":150,"href":"http:\/\/noktasiteyonetimi.com\/index.php\/wp-json\/wp\/v2\/pages\/142\/revisions\/150"}],"wp:attachment":[{"href":"http:\/\/noktasiteyonetimi.com\/index.php\/wp-json\/wp\/v2\/media?parent=142"}],"curies":[{"name":"wp","href":"https:\/\/api.w.org\/{rel}","templated":true}]}}