{"id":139,"date":"2022-05-18T05:53:47","date_gmt":"2022-05-18T05:53:47","guid":{"rendered":"http:\/\/noktasiteyonetimi.com\/?page_id=139"},"modified":"2022-05-18T05:53:47","modified_gmt":"2022-05-18T05:53:47","slug":"faydali-linkler","status":"publish","type":"page","link":"http:\/\/noktasiteyonetimi.com\/index.php\/faydali-linkler\/","title":{"rendered":"Faydal\u0131 Linkler"},"content":{"rendered":"<p>MEVZUAT<\/p>\n<ul>\n<li><a href=\"https:\/\/www.mevzuat.gov.tr\/MevzuatMetin\/1.5.634.pdf\">KAT M\u00dcLK\u0130YET\u0130 KANUNU<\/a><\/li>\n<li><a href=\"https:\/\/www.lexpera.com.tr\/resmi-gazete\/metin\/kat-mulkiyeti-kanununda-degisiklik-yapilmasina-iliskin-kanun-26714\">KAT M\u00dcLK\u0130YET\u0130 KANUNDA DE\u011e\u0130\u015e\u0130KL\u0130K YAPILMASINA \u0130L\u0130\u015eK\u0130N KANUN<\/a><\/li>\n<li><a href=\"https:\/\/www.tkgm.gov.tr\/sites\/default\/files\/2021-09\/Kat%20Mu%CC%88lkiyeti%20Kat%20I%CC%87rtifak%C4%B1.pdf\">KAT M\u00dcLK\u0130YET\u0130NE GE\u00c7\u0130\u015e GENELGES\u0130<\/a><\/li>\n<li><a href=\"https:\/\/www.resmigazete.gov.tr\/eskiler\/2007\/05\/20070502-2.htm\">ENERJ\u0130 VER\u0130ML\u0130L\u0130\u011e\u0130 KANUNU<\/a><\/li>\n<li><a href=\"https:\/\/www.mevzuat.gov.tr\/MevzuatMetin\/1.5.5188.pdf\">\u00d6ZEL G\u00dcVENL\u0130K H\u0130ZMETLER\u0130NE DA\u0130R KANUN<\/a><\/li>\n<li><a href=\"https:\/\/www.mevzuat.gov.tr\/MevzuatMetin\/1.5.6098.pdf\">BOR\u00c7LAR KANUNU<\/a><\/li>\n<li><a href=\"https:\/\/www.mevzuat.gov.tr\/mevzuatmetin\/1.3.2004.pdf\">\u0130CRA ve \u0130FLAS KANUNU<\/a><\/li>\n<li><a href=\"https:\/\/www.mevzuat.gov.tr\/mevzuatmetin\/1.5.4857.pdf\">\u0130\u015e KANUNU<\/a><\/li>\n<li><a href=\"https:\/\/www.mevzuat.gov.tr\/mevzuatmetin\/1.3.7201.pdf\">TEBL\u0130GAT KANUNU<\/a><\/li>\n<li><a href=\"https:\/\/www.mevzuat.gov.tr\/mevzuatmetin\/1.5.6331.pdf\">\u0130\u015e G\u00dcVENL\u0130\u011e\u0130 VE SA\u011eLI\u011eI KANUN<\/a><\/li>\n<\/ul>\n<p>Y\u00d6NETMEL\u0130KLER<\/p>\n<ul>\n<li><a href=\"https:\/\/www.mevzuat.gov.tr\/mevzuat?MevzuatNo=12365&amp;MevzuatTur=7&amp;MevzuatTertip=5\">TOPLU YAPILARDA KAT M\u00dcLK\u0130YET\u0130 VE KAT \u0130RT\u0130FAKI TES\u0130S\u0130NE DA\u0130R Y\u00d6NETMEL\u0130K<\/a><\/li>\n<li><a href=\"https:\/\/www.resmigazete.gov.tr\/eskiler\/2019\/04\/20190406-1.htm\">ASANS\u00d6R BAKIM VE \u0130\u015eLETME Y\u00d6NETMEL\u0130\u011e\u0130<\/a><\/li>\n<li><a href=\"https:\/\/www.mevzuat.gov.tr\/mevzuat?MevzuatNo=12084&amp;MevzuatTur=7&amp;MevzuatTertip=5\">MERKEZ\u0130 ISITMA VE SIHH\u0130 SICAK SU S\u0130STEMLER\u0130NDE ISINMA VE SIHH\u0130 SICAK SU G\u0130DERLER\u0130N\u0130N PAYLA\u015eTIRILMASINA \u0130L\u0130\u015eK\u0130N Y\u00d6NETMEL\u0130K<\/a><\/li>\n<li><a href=\"https:\/\/www.resmigazete.gov.tr\/eskiler\/2008\/12\/20081205-9.htm\">B\u0130NALARDA ENERJ\u0130 PERFORMANSI Y\u00d6NETMEL\u0130\u011e\u0130<\/a><\/li>\n<li><a href=\"https:\/\/www.resmigazete.gov.tr\/eskiler\/2022\/02\/20220219-2.htm\">B\u0130NALARDA ENERJ\u0130 PERFORMANSI Y\u00d6NETMEL\u0130\u011e\u0130NDE DE\u011e\u0130\u015e\u0130KL\u0130K YAPILMASINA DA\u0130R Y\u00d6NETMEL\u0130K<\/a><\/li>\n<li><a href=\"https:\/\/www.resmigazete.gov.tr\/eskiler\/2008\/10\/20081009-2.htm\">B\u0130NALARDA ISI YALITIMI Y\u00d6NETMEL\u0130\u011e\u0130<\/a><\/li>\n<li><a href=\"https:\/\/www.resmigazete.gov.tr\/eskiler\/2007\/12\/20071219-2.htm\">B\u0130NALARIN YANGINDAN KORUNMASI HAKKINDA Y\u00d6NETMEL\u0130K<\/a><\/li>\n<li><a href=\"https:\/\/www.resmigazete.gov.tr\/eskiler\/2021\/11\/20211120-13.pdf\">B\u0130NALARIN YANGINDAN KORUNMASI HAKKINDA Y\u00d6NETMEL\u0130KTE DE\u011e\u0130\u015e\u0130KL\u0130K YAPILMASINA DA\u0130R Y\u00d6NETMEL\u0130K<\/a><\/li>\n<li><a href=\"https:\/\/www.mevzuat.gov.tr\/File\/GeneratePdf?mevzuatNo=5449&amp;mevzuatTur=KurumVeKurulusYonetmeligi&amp;mevzuatTertip=5\">KONUT KAPICILARI Y\u00d6NETMEL\u0130\u011e\u0130<\/a><\/li>\n<li><a href=\"https:\/\/www.mevzuat.gov.tr\/mevzuat?MevzuatNo=5451&amp;MevzuatTur=7&amp;MevzuatTertip=5#:~:text=Madde%209%20%E2%80%94%20%C4%B0%C5%9F%C3%A7inin%20izin%20s%C3%BCresi,Y%C4%B1ll%C4%B1k%20%C3%BCcretli%20izin%20hakk%C4%B1ndan%20vazge%C3%A7ilemez.\">YILLIK \u00dcCRETL\u0130 \u0130Z\u0130N Y\u00d6NETMEL\u0130\u011e\u0130<\/a><\/li>\n<li><a href=\"https:\/\/www.resmigazete.gov.tr\/eskiler\/2018\/02\/20180222-7.htm\">OTOPARK Y\u00d6NETMEL\u0130\u011e\u0130<\/a><\/li>\n<li><a href=\"https:\/\/www.resmigazete.gov.tr\/eskiler\/2021\/03\/20210325-12.htm\">OTOPARK Y\u00d6NETMEL\u0130\u011e\u0130 HAKKINDA DE\u011e\u0130\u015e\u0130KL\u0130K<\/a><\/li>\n<li><a href=\"https:\/\/www.mevzuat.gov.tr\/mevzuat?MevzuatNo=9844&amp;MevzuatTur=7&amp;MevzuatTertip=5\">KANAL\u0130ZASYON ATIK SU Y\u00d6NETMEL\u0130\u011e\u0130<\/a><\/li>\n<li><a href=\"https:\/\/www.mevzuat.gov.tr\/mevzuat?MevzuatNo=4883&amp;MevzuatTur=7&amp;MevzuatTertip=5\">SI\u011eINAK Y\u00d6NETMEL\u0130\u011e\u0130<\/a><\/li>\n<\/ul>\n","protected":false},"excerpt":{"rendered":"<p>MEVZUAT KAT M\u00dcLK\u0130YET\u0130 KANUNU KAT M\u00dcLK\u0130YET\u0130 KANUNDA DE\u011e\u0130\u015e\u0130KL\u0130K YAPILMASINA \u0130L\u0130\u015eK\u0130N KANUN KAT M\u00dcLK\u0130YET\u0130NE GE\u00c7\u0130\u015e GENELGES\u0130 ENERJ\u0130 VER\u0130ML\u0130L\u0130\u011e\u0130 KANUNU \u00d6ZEL G\u00dcVENL\u0130K H\u0130ZMETLER\u0130NE DA\u0130R KANUN BOR\u00c7LAR KANUNU \u0130CRA ve \u0130FLAS KANUNU \u0130\u015e [&hellip;]<\/p>\n","protected":false},"author":1,"featured_media":0,"parent":0,"menu_order":0,"comment_status":"closed","ping_status":"closed","template":"","meta":{"footnotes":""},"class_list":["post-139","page","type-page","status-publish","hentry"],"yoast_head":"<!-- This site is optimized with the Yoast SEO plugin v18.9 - https:\/\/yoast.com\/wordpress\/plugins\/seo\/ -->\r\n<title>Faydal\u0131 Linkler - NOKTA S\u0130TE Y\u00d6NET\u0130M\u0130<\/title>\r\n<meta name=\"robots\" content=\"index, follow, max-snippet:-1, max-image-preview:large, max-video-preview:-1\" \/>\r\n<link rel=\"canonical\" href=\"http:\/\/noktasiteyonetimi.com\/index.php\/faydali-linkler\/\" \/>\r\n<meta property=\"og:locale\" content=\"tr_TR\" \/>\r\n<meta property=\"og:type\" content=\"article\" \/>\r\n<meta property=\"og:title\" content=\"Faydal\u0131 Linkler - NOKTA S\u0130TE Y\u00d6NET\u0130M\u0130\" \/>\r\n<meta property=\"og:description\" content=\"MEVZUAT KAT M\u00dcLK\u0130YET\u0130 KANUNU KAT M\u00dcLK\u0130YET\u0130 KANUNDA DE\u011e\u0130\u015e\u0130KL\u0130K YAPILMASINA \u0130L\u0130\u015eK\u0130N KANUN KAT M\u00dcLK\u0130YET\u0130NE GE\u00c7\u0130\u015e GENELGES\u0130 ENERJ\u0130 VER\u0130ML\u0130L\u0130\u011e\u0130 KANUNU \u00d6ZEL G\u00dcVENL\u0130K H\u0130ZMETLER\u0130NE DA\u0130R KANUN BOR\u00c7LAR KANUNU \u0130CRA ve \u0130FLAS KANUNU \u0130\u015e [&hellip;]\" \/>\r\n<meta property=\"og:url\" content=\"http:\/\/noktasiteyonetimi.com\/index.php\/faydali-linkler\/\" \/>\r\n<meta property=\"og:site_name\" content=\"NOKTA S\u0130TE Y\u00d6NET\u0130M\u0130\" \/>\r\n<meta name=\"twitter:card\" content=\"summary_large_image\" \/>\r\n<meta name=\"twitter:label1\" content=\"Tahmini okuma s\u00fcresi\" \/>\n\t<meta name=\"twitter:data1\" content=\"1 dakika\" \/>\r\n<script type=\"application\/ld+json\" class=\"yoast-schema-graph\">{\"@context\":\"https:\/\/schema.org\",\"@graph\":[{\"@type\":\"WebSite\",\"@id\":\"http:\/\/noktasiteyonetimi.com\/#website\",\"url\":\"http:\/\/noktasiteyonetimi.com\/\",\"name\":\"NOKTA S\u0130TE Y\u00d6NET\u0130M\u0130\",\"description\":\"Biz y\u00f6netelim, siz rahat ya\u015fay\u0131n.\",\"potentialAction\":[{\"@type\":\"SearchAction\",\"target\":{\"@type\":\"EntryPoint\",\"urlTemplate\":\"http:\/\/noktasiteyonetimi.com\/?s={search_term_string}\"},\"query-input\":\"required name=search_term_string\"}],\"inLanguage\":\"tr\"},{\"@type\":\"WebPage\",\"@id\":\"http:\/\/noktasiteyonetimi.com\/index.php\/faydali-linkler\/#webpage\",\"url\":\"http:\/\/noktasiteyonetimi.com\/index.php\/faydali-linkler\/\",\"name\":\"Faydal\u0131 Linkler - NOKTA S\u0130TE Y\u00d6NET\u0130M\u0130\",\"isPartOf\":{\"@id\":\"http:\/\/noktasiteyonetimi.com\/#website\"},\"datePublished\":\"2022-05-18T05:53:47+00:00\",\"dateModified\":\"2022-05-18T05:53:47+00:00\",\"breadcrumb\":{\"@id\":\"http:\/\/noktasiteyonetimi.com\/index.php\/faydali-linkler\/#breadcrumb\"},\"inLanguage\":\"tr\",\"potentialAction\":[{\"@type\":\"ReadAction\",\"target\":[\"http:\/\/noktasiteyonetimi.com\/index.php\/faydali-linkler\/\"]}]},{\"@type\":\"BreadcrumbList\",\"@id\":\"http:\/\/noktasiteyonetimi.com\/index.php\/faydali-linkler\/#breadcrumb\",\"itemListElement\":[{\"@type\":\"ListItem\",\"position\":1,\"name\":\"Anasayfa\",\"item\":\"http:\/\/noktasiteyonetimi.com\/\"},{\"@type\":\"ListItem\",\"position\":2,\"name\":\"Faydal\u0131 Linkler\"}]}]}<\/script>\r\n<!-- \/ Yoast SEO plugin. -->","yoast_head_json":{"title":"Faydal\u0131 Linkler - NOKTA S\u0130TE Y\u00d6NET\u0130M\u0130","robots":{"index":"index","follow":"follow","max-snippet":"max-snippet:-1","max-image-preview":"max-image-preview:large","max-video-preview":"max-video-preview:-1"},"canonical":"http:\/\/noktasiteyonetimi.com\/index.php\/faydali-linkler\/","og_locale":"tr_TR","og_type":"article","og_title":"Faydal\u0131 Linkler - NOKTA S\u0130TE Y\u00d6NET\u0130M\u0130","og_description":"MEVZUAT KAT M\u00dcLK\u0130YET\u0130 KANUNU KAT M\u00dcLK\u0130YET\u0130 KANUNDA DE\u011e\u0130\u015e\u0130KL\u0130K YAPILMASINA \u0130L\u0130\u015eK\u0130N KANUN KAT M\u00dcLK\u0130YET\u0130NE GE\u00c7\u0130\u015e GENELGES\u0130 ENERJ\u0130 VER\u0130ML\u0130L\u0130\u011e\u0130 KANUNU \u00d6ZEL G\u00dcVENL\u0130K H\u0130ZMETLER\u0130NE DA\u0130R KANUN BOR\u00c7LAR KANUNU \u0130CRA ve \u0130FLAS KANUNU \u0130\u015e [&hellip;]","og_url":"http:\/\/noktasiteyonetimi.com\/index.php\/faydali-linkler\/","og_site_name":"NOKTA S\u0130TE Y\u00d6NET\u0130M\u0130","twitter_card":"summary_large_image","twitter_misc":{"Tahmini okuma s\u00fcresi":"1 dakika"},"schema":{"@context":"https:\/\/schema.org","@graph":[{"@type":"WebSite","@id":"http:\/\/noktasiteyonetimi.com\/#website","url":"http:\/\/noktasiteyonetimi.com\/","name":"NOKTA S\u0130TE Y\u00d6NET\u0130M\u0130","description":"Biz y\u00f6netelim, siz rahat ya\u015fay\u0131n.","potentialAction":[{"@type":"SearchAction","target":{"@type":"EntryPoint","urlTemplate":"http:\/\/noktasiteyonetimi.com\/?s={search_term_string}"},"query-input":"required name=search_term_string"}],"inLanguage":"tr"},{"@type":"WebPage","@id":"http:\/\/noktasiteyonetimi.com\/index.php\/faydali-linkler\/#webpage","url":"http:\/\/noktasiteyonetimi.com\/index.php\/faydali-linkler\/","name":"Faydal\u0131 Linkler - NOKTA S\u0130TE Y\u00d6NET\u0130M\u0130","isPartOf":{"@id":"http:\/\/noktasiteyonetimi.com\/#website"},"datePublished":"2022-05-18T05:53:47+00:00","dateModified":"2022-05-18T05:53:47+00:00","breadcrumb":{"@id":"http:\/\/noktasiteyonetimi.com\/index.php\/faydali-linkler\/#breadcrumb"},"inLanguage":"tr","potentialAction":[{"@type":"ReadAction","target":["http:\/\/noktasiteyonetimi.com\/index.php\/faydali-linkler\/"]}]},{"@type":"BreadcrumbList","@id":"http:\/\/noktasiteyonetimi.com\/index.php\/faydali-linkler\/#breadcrumb","itemListElement":[{"@type":"ListItem","position":1,"name":"Anasayfa","item":"http:\/\/noktasiteyonetimi.com\/"},{"@type":"ListItem","position":2,"name":"Faydal\u0131 Linkler"}]}]}},"_links":{"self":[{"href":"http:\/\/noktasiteyonetimi.com\/index.php\/wp-json\/wp\/v2\/pages\/139","targetHints":{"allow":["GET"]}}],"collection":[{"href":"http:\/\/noktasiteyonetimi.com\/index.php\/wp-json\/wp\/v2\/pages"}],"about":[{"href":"http:\/\/noktasiteyonetimi.com\/index.php\/wp-json\/wp\/v2\/types\/page"}],"author":[{"embeddable":true,"href":"http:\/\/noktasiteyonetimi.com\/index.php\/wp-json\/wp\/v2\/users\/1"}],"replies":[{"embeddable":true,"href":"http:\/\/noktasiteyonetimi.com\/index.php\/wp-json\/wp\/v2\/comments?post=139"}],"version-history":[{"count":1,"href":"http:\/\/noktasiteyonetimi.com\/index.php\/wp-json\/wp\/v2\/pages\/139\/revisions"}],"predecessor-version":[{"id":140,"href":"http:\/\/noktasiteyonetimi.com\/index.php\/wp-json\/wp\/v2\/pages\/139\/revisions\/140"}],"wp:attachment":[{"href":"http:\/\/noktasiteyonetimi.com\/index.php\/wp-json\/wp\/v2\/media?parent=139"}],"curies":[{"name":"wp","href":"https:\/\/api.w.org\/{rel}","templated":true}]}}